{"id":342,"date":"2025-03-02T22:10:56","date_gmt":"2025-03-02T22:10:56","guid":{"rendered":"https:\/\/www.tari.ee\/start\/"},"modified":"2025-04-11T18:31:30","modified_gmt":"2025-04-11T18:31:30","slug":"start","status":"publish","type":"page","link":"https:\/\/tari.ee\/en\/","title":{"rendered":"Start"},"content":{"rendered":"\t\t<div data-elementor-type=\"wp-page\" data-elementor-id=\"342\" class=\"elementor elementor-342 elementor-18\" data-elementor-post-type=\"page\">\n\t\t\t\t<div class=\"elementor-element elementor-element-b5954f8 my-slider-widget e-flex e-con-boxed e-con e-parent\" data-id=\"b5954f8\" data-element_type=\"container\">\n\t\t\t\t\t<div class=\"e-con-inner\">\n\t\t\t\t<div class=\"elementor-element elementor-element-72c8b64 elementor-widget elementor-widget-shortcode\" data-id=\"72c8b64\" data-element_type=\"widget\" data-widget_type=\"shortcode.default\">\n\t\t\t\t<div class=\"elementor-widget-container\">\n\t\t\t\t\t    \t\t<div class=\"elementor-shortcode\"><div id=\"slider_69e4c9906bc3b\" class=\"slider_instance\" style=\"position: relative;\" data-options=\"{&quot;id&quot;:1,&quot;name&quot;:&quot;slider 1&quot;,&quot;instanceName&quot;:&quot;slider 1&quot;,&quot;date&quot;:&quot;2025-03-02 22:38:55&quot;,&quot;status&quot;:&quot;published&quot;,&quot;layerWidth&quot;:&quot;1360px&quot;,&quot;layerHeight&quot;:&quot;100%&quot;,&quot;shadow&quot;:&quot;off&quot;,&quot;lightboxMode&quot;:{&quot;enable&quot;:false,&quot;text&quot;:&quot;open in LIGHTBOX&quot;,&quot;fontFamily&quot;:&quot;Arial&quot;,&quot;fontColor&quot;:&quot;#6C6C6C&quot;,&quot;hoverColor&quot;:&quot;#333333&quot;,&quot;fontSize&quot;:20},&quot;mode&quot;:&quot;webgl&quot;,&quot;grabCursor&quot;:true,&quot;stopOnLastSlide&quot;:false,&quot;showSlidesRandomOrder&quot;:false,&quot;preloadFirstSlide&quot;:false,&quot;width&quot;:1360,&quot;height&quot;:750,&quot;responsive&quot;:false,&quot;ratio&quot;:2.4,&quot;forceResponsive&quot;:true,&quot;fullscreen&quot;:false,&quot;layerStarOnTransitionStart&quot;:false,&quot;tabletSize&quot;:1024,&quot;mobileSize&quot;:768,&quot;autoplay&quot;:{&quot;enable&quot;:true,&quot;delay&quot;:3500,&quot;progress&quot;:false,&quot;pauseOnHover&quot;:false,&quot;reverseDirection&quot;:false},&quot;buttons&quot;:{&quot;pauseVisible&quot;:false,&quot;muteVisible&quot;:false},&quot;resetVideos&quot;:false,&quot;videoAutoplay&quot;:true,&quot;navigation&quot;:{&quot;enable&quot;:false,&quot;style&quot;:&quot;effect1&quot;},&quot;keyboard&quot;:{&quot;enable&quot;:true},&quot;wheelNavigation&quot;:{&quot;enable&quot;:false,&quot;stopOnLast&quot;:false,&quot;interval&quot;:2000},&quot;pagination&quot;:{&quot;enable&quot;:false,&quot;style&quot;:&quot;effect2&quot;,&quot;clickable&quot;:false,&quot;dynamicBullets&quot;:false},&quot;thumbs&quot;:{&quot;enable&quot;:false,&quot;position&quot;:&quot;bottom&quot;,&quot;thumbWidth&quot;:100,&quot;thumbHeight&quot;:60,&quot;spaceAround&quot;:3,&quot;spaceBetween&quot;:3,&quot;outsideSlider&quot;:true,&quot;centered&quot;:true},&quot;hashNavigation&quot;:{&quot;enable&quot;:false},&quot;loading&quot;:{&quot;fadeEffect&quot;:false,&quot;backgroundColor&quot;:&quot;#FFFFFF&quot;,&quot;color&quot;:&quot;#262626&quot;,&quot;style&quot;:&quot;style4&quot;},&quot;lightbox&quot;:{&quot;backgroundColor&quot;:&quot;#000000F2&quot;,&quot;closeColor&quot;:&quot;#FFFFFF&quot;},&quot;slides&quot;:[{&quot;src&quot;:&quot;https:\\\/\\\/tari.ee\\\/wp-content\\\/uploads\\\/2025\\\/04\\\/tari_slider_0001.jpg&quot;,&quot;thumbSrc&quot;:&quot;https:\\\/\\\/tari.ee\\\/wp-content\\\/uploads\\\/2025\\\/04\\\/tari_slider_0001-300x139.jpg&quot;,&quot;transitionEffect&quot;:&quot;zoom4&quot;,&quot;transitionDuration&quot;:2000},{&quot;src&quot;:&quot;https:\\\/\\\/tari.ee\\\/wp-content\\\/uploads\\\/2025\\\/04\\\/tari_slider_2.jpg&quot;,&quot;thumbSrc&quot;:&quot;https:\\\/\\\/tari.ee\\\/wp-content\\\/uploads\\\/2025\\\/04\\\/tari_slider_2-300x169.jpg&quot;,&quot;transitionEffect&quot;:&quot;warp&quot;,&quot;transitionDuration&quot;:2000,&quot;direction&quot;:&quot;left&quot;},{&quot;src&quot;:&quot;https:\\\/\\\/tari.ee\\\/wp-content\\\/uploads\\\/2025\\\/04\\\/tari_slider_4.jpg&quot;,&quot;thumbSrc&quot;:&quot;https:\\\/\\\/tari.ee\\\/wp-content\\\/uploads\\\/2025\\\/04\\\/tari_slider_4-300x139.jpg&quot;,&quot;transitionEffect&quot;:&quot;twirl&quot;,&quot;transitionDuration&quot;:0,&quot;autoplay&quot;:3500,&quot;direction&quot;:&quot;left&quot;},{&quot;src&quot;:&quot;https:\\\/\\\/tari.ee\\\/wp-content\\\/uploads\\\/2025\\\/04\\\/tari_slider_003.jpg&quot;,&quot;thumbSrc&quot;:&quot;https:\\\/\\\/tari.ee\\\/wp-content\\\/uploads\\\/2025\\\/04\\\/tari_slider_003-300x136.jpg&quot;,&quot;transitionEffect&quot;:&quot;zoom4&quot;,&quot;autoplay&quot;:0,&quot;transitionDuration&quot;:0},{&quot;src&quot;:&quot;https:\\\/\\\/tari.ee\\\/wp-content\\\/uploads\\\/2025\\\/04\\\/tari_slider_5.jpg&quot;,&quot;thumbSrc&quot;:&quot;https:\\\/\\\/tari.ee\\\/wp-content\\\/uploads\\\/2025\\\/04\\\/tari_slider_5-300x135.jpg&quot;,&quot;transitionEffect&quot;:&quot;stretch&quot;,&quot;transitionDuration&quot;:0,&quot;autoplay&quot;:3500,&quot;direction&quot;:&quot;left&quot;},{&quot;src&quot;:&quot;https:\\\/\\\/tari.ee\\\/wp-content\\\/uploads\\\/2025\\\/04\\\/tari_slider_6.jpg&quot;,&quot;thumbSrc&quot;:&quot;https:\\\/\\\/tari.ee\\\/wp-content\\\/uploads\\\/2025\\\/04\\\/tari_slider_6-300x127.jpg&quot;,&quot;transitionEffect&quot;:&quot;zoom5&quot;,&quot;transitionDuration&quot;:0,&quot;autoplay&quot;:3500}],&quot;fullscreenTablet&quot;:false,&quot;fullscreenMobile&quot;:false,&quot;widthMobile&quot;:1000,&quot;widthTablet&quot;:1000,&quot;heightMobile&quot;:&quot;750&quot;,&quot;heightTablet&quot;:600,&quot;responsiveMobile&quot;:true,&quot;responsiveTablet&quot;:false,&quot;forceResponsiveMobile&quot;:true,&quot;forceResponsiveTablet&quot;:true,&quot;lightboxModeMobile&quot;:{&quot;enable&quot;:false,&quot;text&quot;:&quot;open in LIGHTBOX&quot;,&quot;fontColor&quot;:&quot;#6C6C6C&quot;,&quot;hoverColor&quot;:&quot;#333333&quot;,&quot;fontFamily&quot;:&quot;Arial&quot;,&quot;fontSize&quot;:20},&quot;lightboxModeTablet&quot;:{&quot;enable&quot;:false,&quot;text&quot;:&quot;open in LIGHTBOX&quot;,&quot;fontColor&quot;:&quot;#6C6C6C&quot;,&quot;hoverColor&quot;:&quot;#333333&quot;,&quot;fontFamily&quot;:&quot;Arial&quot;,&quot;fontSize&quot;:20},&quot;ratioTablet&quot;:2,&quot;ratioMobile&quot;:&quot;1&quot;,&quot;initialSlide&quot;:0,&quot;rootFolder&quot;:&quot;https:\\\/\\\/tari.ee\\\/wp-content\\\/plugins\\\/transition-slider\\\/&quot;}\"><\/div><\/div>\n\t\t\t\t\t\t<\/div>\n\t\t\t\t<\/div>\n\t\t\t\t\t<\/div>\n\t\t\t\t<\/div>\n\t\t<div class=\"elementor-element elementor-element-8c2a073 herohome e-flex e-con-boxed e-con e-parent\" data-id=\"8c2a073\" data-element_type=\"container\">\n\t\t\t\t\t<div class=\"e-con-inner\">\n\t\t<div class=\"elementor-element elementor-element-b07882b e-con-full e-flex elementor-invisible e-con e-child\" data-id=\"b07882b\" data-element_type=\"container\" data-settings=\"{&quot;animation&quot;:&quot;fadeIn&quot;,&quot;animation_delay&quot;:250}\">\n\t\t\t\t<div class=\"elementor-element elementor-element-0ba7206 elementor-widget__width-initial elementor-widget-mobile__width-inherit elementor-widget elementor-widget-heading\" data-id=\"0ba7206\" data-element_type=\"widget\" data-widget_type=\"heading.default\">\n\t\t\t\t<div class=\"elementor-widget-container\">\n\t\t\t\t\t<h1 class=\"elementor-heading-title elementor-size-default\">We create better communities<\/h1>\t\t\t\t<\/div>\n\t\t\t\t<\/div>\n\t\t\t\t<div class=\"elementor-element elementor-element-b009b21 elementor-widget elementor-widget-image\" data-id=\"b009b21\" data-element_type=\"widget\" data-widget_type=\"image.default\">\n\t\t\t\t<div class=\"elementor-widget-container\">\n\t\t\t\t\t\t\t\t\t\t\t\t\t\t\t<img loading=\"lazy\" decoding=\"async\" width=\"520\" height=\"185\" src=\"https:\/\/tari.ee\/wp-content\/uploads\/2025\/03\/nn.png\" class=\"attachment-large size-large wp-image-99\" alt=\"\" srcset=\"https:\/\/tari.ee\/wp-content\/uploads\/2025\/03\/nn.png 520w, https:\/\/tari.ee\/wp-content\/uploads\/2025\/03\/nn-300x107.png 300w\" sizes=\"auto, (max-width: 520px) 100vw, 520px\" \/>\t\t\t\t\t\t\t\t\t\t\t\t\t\t\t<\/div>\n\t\t\t\t<\/div>\n\t\t\t\t<div class=\"elementor-element elementor-element-5dbbafc elementor-widget__width-initial elementor-widget-mobile__width-inherit elementor-widget elementor-widget-heading\" data-id=\"5dbbafc\" data-element_type=\"widget\" data-widget_type=\"heading.default\">\n\t\t\t\t<div class=\"elementor-widget-container\">\n\t\t\t\t\t<p class=\"elementor-heading-title elementor-size-default\">Tari is a consulting company for building design.<\/p>\t\t\t\t<\/div>\n\t\t\t\t<\/div>\n\t\t\t\t<div class=\"elementor-element elementor-element-92e7f6f elementor-widget__width-initial elementor-align-left elementor-mobile-align-justify elementor-widget-mobile__width-auto elementor-widget elementor-widget-button\" data-id=\"92e7f6f\" data-element_type=\"widget\" data-widget_type=\"button.default\">\n\t\t\t\t<div class=\"elementor-widget-container\">\n\t\t\t\t\t\t\t\t\t<div class=\"elementor-button-wrapper\">\n\t\t\t\t\t<a class=\"elementor-button elementor-button-link elementor-size-sm\" href=\"https:\/\/tari.ee\/en\/contact\/\">\n\t\t\t\t\t\t<span class=\"elementor-button-content-wrapper\">\n\t\t\t\t\t\t\t\t\t<span class=\"elementor-button-text\">Contact us<\/span>\n\t\t\t\t\t<\/span>\n\t\t\t\t\t<\/a>\n\t\t\t\t<\/div>\n\t\t\t\t\t\t\t\t<\/div>\n\t\t\t\t<\/div>\n\t\t\t\t<\/div>\n\t\t\t\t\t<\/div>\n\t\t\t\t<\/div>\n\t\t<div class=\"elementor-element elementor-element-92b57c5 e-flex e-con-boxed e-con e-parent\" data-id=\"92b57c5\" data-element_type=\"container\">\n\t\t\t\t\t<div class=\"e-con-inner\">\n\t\t<div class=\"elementor-element elementor-element-80267b1 e-con-full e-flex e-con e-child\" data-id=\"80267b1\" data-element_type=\"container\">\n\t\t\t\t<div class=\"elementor-element elementor-element-2ca0ec7 elementor-widget__width-initial gradienttext elementor-widget elementor-widget-heading\" data-id=\"2ca0ec7\" data-element_type=\"widget\" data-widget_type=\"heading.default\">\n\t\t\t\t<div class=\"elementor-widget-container\">\n\t\t\t\t\t<h2 class=\"elementor-heading-title elementor-size-default\">We identify customer needs, guide our customers based on our experience, and offer the most rational solutions.<\/h2>\t\t\t\t<\/div>\n\t\t\t\t<\/div>\n\t\t\t\t<\/div>\n\t\t\t\t<div class=\"elementor-element elementor-element-1aefbb6 elementor-widget elementor-widget-heading\" data-id=\"1aefbb6\" data-element_type=\"widget\" data-widget_type=\"heading.default\">\n\t\t\t\t<div class=\"elementor-widget-container\">\n\t\t\t\t\t<h3 class=\"elementor-heading-title elementor-size-default\">Featured Projects<\/h3>\t\t\t\t<\/div>\n\t\t\t\t<\/div>\n\t\t\t\t<div class=\"elementor-element elementor-element-a138ef2 elementor-widget elementor-widget-jet-listing-grid\" data-id=\"a138ef2\" data-element_type=\"widget\" data-settings=\"{&quot;columns&quot;:3,&quot;columns_tablet&quot;:&quot;2&quot;,&quot;columns_mobile&quot;:&quot;1&quot;}\" data-widget_type=\"jet-listing-grid.default\">\n\t\t\t\t<div class=\"elementor-widget-container\">\n\t\t\t\t\t<div class=\"jet-listing-grid jet-listing\"><div class=\"jet-listing-grid__items grid-col-desk-3 grid-col-tablet-2 grid-col-mobile-1 jet-listing-grid--123\" data-queried-id=\"342|WP_Post\" data-nav=\"{&quot;enabled&quot;:false,&quot;type&quot;:null,&quot;more_el&quot;:null,&quot;query&quot;:[],&quot;widget_settings&quot;:{&quot;lisitng_id&quot;:123,&quot;posts_num&quot;:6,&quot;columns&quot;:3,&quot;columns_tablet&quot;:2,&quot;columns_mobile&quot;:1,&quot;column_min_width&quot;:240,&quot;column_min_width_tablet&quot;:240,&quot;column_min_width_mobile&quot;:240,&quot;inline_columns_css&quot;:false,&quot;is_archive_template&quot;:&quot;&quot;,&quot;post_status&quot;:[&quot;publish&quot;],&quot;use_random_posts_num&quot;:&quot;&quot;,&quot;max_posts_num&quot;:9,&quot;not_found_message&quot;:&quot;Nothing for show&quot;,&quot;is_masonry&quot;:false,&quot;equal_columns_height&quot;:&quot;&quot;,&quot;use_load_more&quot;:&quot;&quot;,&quot;load_more_id&quot;:&quot;&quot;,&quot;load_more_type&quot;:&quot;click&quot;,&quot;load_more_offset&quot;:{&quot;unit&quot;:&quot;px&quot;,&quot;size&quot;:0,&quot;sizes&quot;:[]},&quot;use_custom_post_types&quot;:&quot;yes&quot;,&quot;custom_post_types&quot;:[&quot;projek&quot;],&quot;hide_widget_if&quot;:&quot;&quot;,&quot;carousel_enabled&quot;:&quot;&quot;,&quot;slides_to_scroll&quot;:&quot;1&quot;,&quot;arrows&quot;:&quot;true&quot;,&quot;arrow_icon&quot;:&quot;fa fa-angle-left&quot;,&quot;dots&quot;:&quot;&quot;,&quot;autoplay&quot;:&quot;true&quot;,&quot;pause_on_hover&quot;:&quot;true&quot;,&quot;autoplay_speed&quot;:5000,&quot;infinite&quot;:&quot;true&quot;,&quot;center_mode&quot;:&quot;&quot;,&quot;effect&quot;:&quot;slide&quot;,&quot;speed&quot;:500,&quot;inject_alternative_items&quot;:&quot;&quot;,&quot;injection_items&quot;:[],&quot;scroll_slider_enabled&quot;:&quot;&quot;,&quot;scroll_slider_on&quot;:[&quot;desktop&quot;,&quot;tablet&quot;,&quot;mobile&quot;],&quot;custom_query&quot;:false,&quot;custom_query_id&quot;:&quot;&quot;,&quot;_element_id&quot;:&quot;&quot;,&quot;collapse_first_last_gap&quot;:false,&quot;list_items_wrapper_tag&quot;:&quot;div&quot;,&quot;list_item_tag&quot;:&quot;div&quot;,&quot;empty_items_wrapper_tag&quot;:&quot;div&quot;}}\" data-page=\"1\" data-pages=\"4\" data-listing-source=\"posts\" data-listing-id=\"123\" data-query-id=\"\"><div class=\"jet-listing-grid__item jet-listing-dynamic-post-217\" data-post-id=\"217\" >\t\t<div data-elementor-type=\"jet-listing-items\" data-elementor-id=\"377\" class=\"elementor elementor-377 elementor-123\" data-elementor-post-type=\"jet-engine\">\n\t\t\t\t<div class=\"elementor-element elementor-element-58af498 e-flex e-con-boxed e-con e-parent\" data-id=\"58af498\" data-element_type=\"container\">\n\t\t\t\t\t<div class=\"e-con-inner\">\n\t\t\t\t<div class=\"elementor-element elementor-element-a388f6c elementor-cta--skin-cover elementor-cta--valign-bottom elementor-widget__width-initial elementor-widget-tablet__width-inherit elementor-bg-transform elementor-bg-transform-zoom-in elementor-widget elementor-widget-call-to-action\" data-id=\"a388f6c\" data-element_type=\"widget\" data-widget_type=\"call-to-action.default\">\n\t\t\t\t<div class=\"elementor-widget-container\">\n\t\t\t\t\t\t\t<a class=\"elementor-cta\" href=\"https:\/\/tari.ee\/en\/projects\/skanstes-residence\/\">\n\t\t\t\t\t<div class=\"elementor-cta__bg-wrapper\">\n\t\t\t\t<div class=\"elementor-cta__bg elementor-bg\" style=\"background-image: url(https:\/\/tari.ee\/wp-content\/uploads\/2025\/03\/skanstes_1-e-1-1024x320.jpg);\" role=\"img\" aria-label=\"skanstes_1-e\"><\/div>\n\t\t\t\t<div class=\"elementor-cta__bg-overlay\"><\/div>\n\t\t\t<\/div>\n\t\t\t\t\t\t\t<div class=\"elementor-cta__content\">\n\t\t\t\t\n\t\t\t\t\t\t\t\t\t<h2 class=\"elementor-cta__title elementor-cta__content-item elementor-content-item\">\n\t\t\t\t\t\tSkanstes residence\t\t\t\t\t<\/h2>\n\t\t\t\t\n\t\t\t\t\n\t\t\t\t\t\t\t\t\t<div class=\"elementor-cta__button-wrapper elementor-cta__content-item elementor-content-item \">\n\t\t\t\t\t<span class=\"elementor-cta__button elementor-button elementor-size-\">\n\t\t\t\t\t\tRead more \t\t\t\t\t<\/span>\n\t\t\t\t\t<\/div>\n\t\t\t\t\t\t\t<\/div>\n\t\t\t\t\t\t<\/a>\n\t\t\t\t\t\t<\/div>\n\t\t\t\t<\/div>\n\t\t\t\t\t<\/div>\n\t\t\t\t<\/div>\n\t\t\t\t<\/div>\n\t\t<\/div><div class=\"jet-listing-grid__item jet-listing-dynamic-post-341\" data-post-id=\"341\" >\t\t<div data-elementor-type=\"jet-listing-items\" data-elementor-id=\"377\" class=\"elementor elementor-377 elementor-123\" data-elementor-post-type=\"jet-engine\">\n\t\t\t\t<div class=\"elementor-element elementor-element-58af498 e-flex e-con-boxed e-con e-parent\" data-id=\"58af498\" data-element_type=\"container\">\n\t\t\t\t\t<div class=\"e-con-inner\">\n\t\t\t\t<div class=\"elementor-element elementor-element-a388f6c elementor-cta--skin-cover elementor-cta--valign-bottom elementor-widget__width-initial elementor-widget-tablet__width-inherit elementor-bg-transform elementor-bg-transform-zoom-in elementor-widget elementor-widget-call-to-action\" data-id=\"a388f6c\" data-element_type=\"widget\" data-widget_type=\"call-to-action.default\">\n\t\t\t\t<div class=\"elementor-widget-container\">\n\t\t\t\t\t\t\t<a class=\"elementor-cta\" href=\"https:\/\/tari.ee\/en\/projects\/isblocket\/\">\n\t\t\t\t\t<div class=\"elementor-cta__bg-wrapper\">\n\t\t\t\t<div class=\"elementor-cta__bg elementor-bg\" style=\"background-image: url(https:\/\/tari.ee\/wp-content\/uploads\/2025\/03\/isblocket-1.jpg);\" role=\"img\" aria-label=\"isblocket (1)\"><\/div>\n\t\t\t\t<div class=\"elementor-cta__bg-overlay\"><\/div>\n\t\t\t<\/div>\n\t\t\t\t\t\t\t<div class=\"elementor-cta__content\">\n\t\t\t\t\n\t\t\t\t\t\t\t\t\t<h2 class=\"elementor-cta__title elementor-cta__content-item elementor-content-item\">\n\t\t\t\t\t\tIsblocket\t\t\t\t\t<\/h2>\n\t\t\t\t\n\t\t\t\t\n\t\t\t\t\t\t\t\t\t<div class=\"elementor-cta__button-wrapper elementor-cta__content-item elementor-content-item \">\n\t\t\t\t\t<span class=\"elementor-cta__button elementor-button elementor-size-\">\n\t\t\t\t\t\tRead more \t\t\t\t\t<\/span>\n\t\t\t\t\t<\/div>\n\t\t\t\t\t\t\t<\/div>\n\t\t\t\t\t\t<\/a>\n\t\t\t\t\t\t<\/div>\n\t\t\t\t<\/div>\n\t\t\t\t\t<\/div>\n\t\t\t\t<\/div>\n\t\t\t\t<\/div>\n\t\t<\/div><div class=\"jet-listing-grid__item jet-listing-dynamic-post-340\" data-post-id=\"340\" >\t\t<div data-elementor-type=\"jet-listing-items\" data-elementor-id=\"377\" class=\"elementor elementor-377 elementor-123\" data-elementor-post-type=\"jet-engine\">\n\t\t\t\t<div class=\"elementor-element elementor-element-58af498 e-flex e-con-boxed e-con e-parent\" data-id=\"58af498\" data-element_type=\"container\">\n\t\t\t\t\t<div class=\"e-con-inner\">\n\t\t\t\t<div class=\"elementor-element elementor-element-a388f6c elementor-cta--skin-cover elementor-cta--valign-bottom elementor-widget__width-initial elementor-widget-tablet__width-inherit elementor-bg-transform elementor-bg-transform-zoom-in elementor-widget elementor-widget-call-to-action\" data-id=\"a388f6c\" data-element_type=\"widget\" data-widget_type=\"call-to-action.default\">\n\t\t\t\t<div class=\"elementor-widget-container\">\n\t\t\t\t\t\t\t<a class=\"elementor-cta\" href=\"https:\/\/tari.ee\/en\/projects\/tsura-talu-lihaveiste-kompleks\/\">\n\t\t\t\t\t<div class=\"elementor-cta__bg-wrapper\">\n\t\t\t\t<div class=\"elementor-cta__bg elementor-bg\" style=\"background-image: url(https:\/\/tari.ee\/wp-content\/uploads\/2025\/03\/lihaveis.jpg);\" role=\"img\" aria-label=\"lihaveis\"><\/div>\n\t\t\t\t<div class=\"elementor-cta__bg-overlay\"><\/div>\n\t\t\t<\/div>\n\t\t\t\t\t\t\t<div class=\"elementor-cta__content\">\n\t\t\t\t\n\t\t\t\t\t\t\t\t\t<h2 class=\"elementor-cta__title elementor-cta__content-item elementor-content-item\">\n\t\t\t\t\t\tTsura talu lihaveiste kompleks\t\t\t\t\t<\/h2>\n\t\t\t\t\n\t\t\t\t\n\t\t\t\t\t\t\t\t\t<div class=\"elementor-cta__button-wrapper elementor-cta__content-item elementor-content-item \">\n\t\t\t\t\t<span class=\"elementor-cta__button elementor-button elementor-size-\">\n\t\t\t\t\t\tRead more \t\t\t\t\t<\/span>\n\t\t\t\t\t<\/div>\n\t\t\t\t\t\t\t<\/div>\n\t\t\t\t\t\t<\/a>\n\t\t\t\t\t\t<\/div>\n\t\t\t\t<\/div>\n\t\t\t\t\t<\/div>\n\t\t\t\t<\/div>\n\t\t\t\t<\/div>\n\t\t<\/div><div class=\"jet-listing-grid__item jet-listing-dynamic-post-339\" data-post-id=\"339\" >\t\t<div data-elementor-type=\"jet-listing-items\" data-elementor-id=\"377\" class=\"elementor elementor-377 elementor-123\" data-elementor-post-type=\"jet-engine\">\n\t\t\t\t<div class=\"elementor-element elementor-element-58af498 e-flex e-con-boxed e-con e-parent\" data-id=\"58af498\" data-element_type=\"container\">\n\t\t\t\t\t<div class=\"e-con-inner\">\n\t\t\t\t<div class=\"elementor-element elementor-element-a388f6c elementor-cta--skin-cover elementor-cta--valign-bottom elementor-widget__width-initial elementor-widget-tablet__width-inherit elementor-bg-transform elementor-bg-transform-zoom-in elementor-widget elementor-widget-call-to-action\" data-id=\"a388f6c\" data-element_type=\"widget\" data-widget_type=\"call-to-action.default\">\n\t\t\t\t<div class=\"elementor-widget-container\">\n\t\t\t\t\t\t\t<a class=\"elementor-cta\" href=\"https:\/\/tari.ee\/en\/projects\/tigutorn-in-tartu\/\">\n\t\t\t\t\t<div class=\"elementor-cta__bg-wrapper\">\n\t\t\t\t<div class=\"elementor-cta__bg elementor-bg\" style=\"background-image: url(https:\/\/tari.ee\/wp-content\/uploads\/2025\/03\/tigutorn1.jpg);\" role=\"img\" aria-label=\"tigutorn1\"><\/div>\n\t\t\t\t<div class=\"elementor-cta__bg-overlay\"><\/div>\n\t\t\t<\/div>\n\t\t\t\t\t\t\t<div class=\"elementor-cta__content\">\n\t\t\t\t\n\t\t\t\t\t\t\t\t\t<h2 class=\"elementor-cta__title elementor-cta__content-item elementor-content-item\">\n\t\t\t\t\t\tTigutorn in Tartu\t\t\t\t\t<\/h2>\n\t\t\t\t\n\t\t\t\t\n\t\t\t\t\t\t\t\t\t<div class=\"elementor-cta__button-wrapper elementor-cta__content-item elementor-content-item \">\n\t\t\t\t\t<span class=\"elementor-cta__button elementor-button elementor-size-\">\n\t\t\t\t\t\tRead more \t\t\t\t\t<\/span>\n\t\t\t\t\t<\/div>\n\t\t\t\t\t\t\t<\/div>\n\t\t\t\t\t\t<\/a>\n\t\t\t\t\t\t<\/div>\n\t\t\t\t<\/div>\n\t\t\t\t\t<\/div>\n\t\t\t\t<\/div>\n\t\t\t\t<\/div>\n\t\t<\/div><div class=\"jet-listing-grid__item jet-listing-dynamic-post-338\" data-post-id=\"338\" >\t\t<div data-elementor-type=\"jet-listing-items\" data-elementor-id=\"377\" class=\"elementor elementor-377 elementor-123\" data-elementor-post-type=\"jet-engine\">\n\t\t\t\t<div class=\"elementor-element elementor-element-58af498 e-flex e-con-boxed e-con e-parent\" data-id=\"58af498\" data-element_type=\"container\">\n\t\t\t\t\t<div class=\"e-con-inner\">\n\t\t\t\t<div class=\"elementor-element elementor-element-a388f6c elementor-cta--skin-cover elementor-cta--valign-bottom elementor-widget__width-initial elementor-widget-tablet__width-inherit elementor-bg-transform elementor-bg-transform-zoom-in elementor-widget elementor-widget-call-to-action\" data-id=\"a388f6c\" data-element_type=\"widget\" data-widget_type=\"call-to-action.default\">\n\t\t\t\t<div class=\"elementor-widget-container\">\n\t\t\t\t\t\t\t<a class=\"elementor-cta\" href=\"https:\/\/tari.ee\/en\/projects\/paasteamet\/\">\n\t\t\t\t\t<div class=\"elementor-cta__bg-wrapper\">\n\t\t\t\t<div class=\"elementor-cta__bg elementor-bg\" style=\"background-image: url(https:\/\/tari.ee\/wp-content\/uploads\/2025\/03\/paasteamet_1.jpg);\" role=\"img\" aria-label=\"paasteamet_1\"><\/div>\n\t\t\t\t<div class=\"elementor-cta__bg-overlay\"><\/div>\n\t\t\t<\/div>\n\t\t\t\t\t\t\t<div class=\"elementor-cta__content\">\n\t\t\t\t\n\t\t\t\t\t\t\t\t\t<h2 class=\"elementor-cta__title elementor-cta__content-item elementor-content-item\">\n\t\t\t\t\t\tP\u00e4\u00e4steamet\t\t\t\t\t<\/h2>\n\t\t\t\t\n\t\t\t\t\n\t\t\t\t\t\t\t\t\t<div class=\"elementor-cta__button-wrapper elementor-cta__content-item elementor-content-item \">\n\t\t\t\t\t<span class=\"elementor-cta__button elementor-button elementor-size-\">\n\t\t\t\t\t\tRead more \t\t\t\t\t<\/span>\n\t\t\t\t\t<\/div>\n\t\t\t\t\t\t\t<\/div>\n\t\t\t\t\t\t<\/a>\n\t\t\t\t\t\t<\/div>\n\t\t\t\t<\/div>\n\t\t\t\t\t<\/div>\n\t\t\t\t<\/div>\n\t\t\t\t<\/div>\n\t\t<\/div><div class=\"jet-listing-grid__item jet-listing-dynamic-post-337\" data-post-id=\"337\" >\t\t<div data-elementor-type=\"jet-listing-items\" data-elementor-id=\"377\" class=\"elementor elementor-377 elementor-123\" data-elementor-post-type=\"jet-engine\">\n\t\t\t\t<div class=\"elementor-element elementor-element-58af498 e-flex e-con-boxed e-con e-parent\" data-id=\"58af498\" data-element_type=\"container\">\n\t\t\t\t\t<div class=\"e-con-inner\">\n\t\t\t\t<div class=\"elementor-element elementor-element-a388f6c elementor-cta--skin-cover elementor-cta--valign-bottom elementor-widget__width-initial elementor-widget-tablet__width-inherit elementor-bg-transform elementor-bg-transform-zoom-in elementor-widget elementor-widget-call-to-action\" data-id=\"a388f6c\" data-element_type=\"widget\" data-widget_type=\"call-to-action.default\">\n\t\t\t\t<div class=\"elementor-widget-container\">\n\t\t\t\t\t\t\t<a class=\"elementor-cta\" href=\"https:\/\/tari.ee\/en\/projects\/hornslandet\/\">\n\t\t\t\t\t<div class=\"elementor-cta__bg-wrapper\">\n\t\t\t\t<div class=\"elementor-cta__bg elementor-bg\" style=\"background-image: url(https:\/\/tari.ee\/wp-content\/uploads\/2025\/03\/hornslandet.jpg);\" role=\"img\" aria-label=\"hornslandet\"><\/div>\n\t\t\t\t<div class=\"elementor-cta__bg-overlay\"><\/div>\n\t\t\t<\/div>\n\t\t\t\t\t\t\t<div class=\"elementor-cta__content\">\n\t\t\t\t\n\t\t\t\t\t\t\t\t\t<h2 class=\"elementor-cta__title elementor-cta__content-item elementor-content-item\">\n\t\t\t\t\t\tHornslandet\t\t\t\t\t<\/h2>\n\t\t\t\t\n\t\t\t\t\n\t\t\t\t\t\t\t\t\t<div class=\"elementor-cta__button-wrapper elementor-cta__content-item elementor-content-item \">\n\t\t\t\t\t<span class=\"elementor-cta__button elementor-button elementor-size-\">\n\t\t\t\t\t\tRead more \t\t\t\t\t<\/span>\n\t\t\t\t\t<\/div>\n\t\t\t\t\t\t\t<\/div>\n\t\t\t\t\t\t<\/a>\n\t\t\t\t\t\t<\/div>\n\t\t\t\t<\/div>\n\t\t\t\t\t<\/div>\n\t\t\t\t<\/div>\n\t\t\t\t<\/div>\n\t\t<\/div><\/div><\/div>\t\t\t\t<\/div>\n\t\t\t\t<\/div>\n\t\t\t\t<div class=\"elementor-element elementor-element-1842ad4 elementor-align-center elementor-widget elementor-widget-button\" data-id=\"1842ad4\" data-element_type=\"widget\" data-widget_type=\"button.default\">\n\t\t\t\t<div class=\"elementor-widget-container\">\n\t\t\t\t\t\t\t\t\t<div class=\"elementor-button-wrapper\">\n\t\t\t\t\t<a class=\"elementor-button elementor-button-link elementor-size-sm\" href=\"https:\/\/tari.ee\/en\/projects\/\">\n\t\t\t\t\t\t<span class=\"elementor-button-content-wrapper\">\n\t\t\t\t\t\t\t\t\t<span class=\"elementor-button-text\">More projects<\/span>\n\t\t\t\t\t<\/span>\n\t\t\t\t\t<\/a>\n\t\t\t\t<\/div>\n\t\t\t\t\t\t\t\t<\/div>\n\t\t\t\t<\/div>\n\t\t\t\t\t<\/div>\n\t\t\t\t<\/div>\n\t\t\t\t<\/div>\n\t\t","protected":false},"excerpt":{"rendered":"<p>We create better communities Tari is a consulting company for building design. Contact us We identify customer needs, guide our customers based on our experience, and offer the most rational solutions. Featured Projects Loe l\u00e4hemalt siit Loe l\u00e4hemalt siit Loe l\u00e4hemalt siit Loe l\u00e4hemalt siit Loe l\u00e4hemalt siit Loe l\u00e4hemalt siit More projects<\/p>\n","protected":false},"author":2,"featured_media":0,"parent":0,"menu_order":0,"comment_status":"closed","ping_status":"closed","template":"","meta":{"footnotes":""},"class_list":["post-342","page","type-page","status-publish","hentry"],"_links":{"self":[{"href":"https:\/\/tari.ee\/en\/wp-json\/wp\/v2\/pages\/342","targetHints":{"allow":["GET"]}}],"collection":[{"href":"https:\/\/tari.ee\/en\/wp-json\/wp\/v2\/pages"}],"about":[{"href":"https:\/\/tari.ee\/en\/wp-json\/wp\/v2\/types\/page"}],"author":[{"embeddable":true,"href":"https:\/\/tari.ee\/en\/wp-json\/wp\/v2\/users\/2"}],"replies":[{"embeddable":true,"href":"https:\/\/tari.ee\/en\/wp-json\/wp\/v2\/comments?post=342"}],"version-history":[{"count":14,"href":"https:\/\/tari.ee\/en\/wp-json\/wp\/v2\/pages\/342\/revisions"}],"predecessor-version":[{"id":459,"href":"https:\/\/tari.ee\/en\/wp-json\/wp\/v2\/pages\/342\/revisions\/459"}],"wp:attachment":[{"href":"https:\/\/tari.ee\/en\/wp-json\/wp\/v2\/media?parent=342"}],"curies":[{"name":"wp","href":"https:\/\/api.w.org\/{rel}","templated":true}]}}